{"id":148,"date":"2019-03-22T18:00:04","date_gmt":"2019-03-22T18:00:04","guid":{"rendered":"http:\/\/artig-anders.de\/?page_id=148"},"modified":"2019-05-01T11:33:13","modified_gmt":"2019-05-01T11:33:13","slug":"impressum","status":"publish","type":"page","link":"https:\/\/artig-anders.de\/?page_id=148","title":{"rendered":"Impressum"},"content":{"rendered":"\n<div class=\"wp-block-image\"><figure class=\"aligncenter is-resized\"><img loading=\"lazy\" decoding=\"async\" src=\"https:\/\/i0.wp.com\/artig-anders.de\/wp-content\/uploads\/2019\/03\/PicsArt_03-22-02.44.20.jpg?resize=436%2C436&#038;ssl=1\" alt=\"\" class=\"wp-image-269\" width=\"436\" height=\"436\" srcset=\"https:\/\/i0.wp.com\/artig-anders.de\/wp-content\/uploads\/2019\/03\/PicsArt_03-22-02.44.20.jpg?resize=1024%2C1024&amp;ssl=1 1024w, https:\/\/i0.wp.com\/artig-anders.de\/wp-content\/uploads\/2019\/03\/PicsArt_03-22-02.44.20.jpg?resize=150%2C150&amp;ssl=1 150w, https:\/\/i0.wp.com\/artig-anders.de\/wp-content\/uploads\/2019\/03\/PicsArt_03-22-02.44.20.jpg?resize=300%2C300&amp;ssl=1 300w, https:\/\/i0.wp.com\/artig-anders.de\/wp-content\/uploads\/2019\/03\/PicsArt_03-22-02.44.20.jpg?resize=768%2C768&amp;ssl=1 768w, https:\/\/i0.wp.com\/artig-anders.de\/wp-content\/uploads\/2019\/03\/PicsArt_03-22-02.44.20.jpg?resize=1140%2C1140&amp;ssl=1 1140w, https:\/\/i0.wp.com\/artig-anders.de\/wp-content\/uploads\/2019\/03\/PicsArt_03-22-02.44.20.jpg?resize=75%2C75&amp;ssl=1 75w, https:\/\/i0.wp.com\/artig-anders.de\/wp-content\/uploads\/2019\/03\/PicsArt_03-22-02.44.20.jpg?w=2040&amp;ssl=1 2040w\" sizes=\"(max-width: 436px) 100vw, 436px\" data-recalc-dims=\"1\" \/><\/figure><\/div>\n\n\n\n<p>An dieser Stelle m\u00f6chte darauf hinweisen, dass die Erstellung dieser Webseite zu 95% durch mich selbst erfolgt ist. Dank moderner Kommunikationsm\u00f6glichkeiten ist es mir in Zusammenarbeit mit dem Freund meiner besten Freundin, seineszeichens IT-Spezie und mein pers\u00f6nlicher Technik-Gott gelungen, nicht auf die Fremderstellung durch irgendeine Webdesign-Firma zur\u00fcckgreifen zu m\u00fcssen. <\/p>\n\n\n\n<p>Das erf\u00fcllt mich mit Stolz und daf\u00fcr m\u00f6chte ich Thomas von ganzem Herzen danken! Es bedeutet mir sehr viel, dass ich diese Seite dank Deiner Hilfe mit viel Liebe selbst erstellen konnte!<\/p>\n\n\n\n<p>Die Schriftz\u00fcge sind meiner eigenen Feder entsprungen und auch die Fotos und anderen Kreationen stammen ALLE von mir selbst! Sicher h\u00e4tte ich Fotos von Webseiten nutzen k\u00f6nnen, um schneller diese Seite zum Leben zu erwecken. Doch genau das wollte ich nicht! Es hat vielleicht etwas mehr Zeit in Anspruch genommen, doch ich kann sagen, dass ich vom Design bis zu den einzelnen Blog-Beitr\u00e4gen alles selbst erstellt und verfasst habe. F\u00fcr mich ist diese Seite eine Herzensangelegenheit!<\/p>\n\n\n\n<h6 class=\"wp-block-heading\">Kontakt:<\/h6>\n\n\n\n<p style=\"text-align:center\" class=\"has-small-font-size\">Frl.Cori<br><strong>frlcori@artig-anders.de<\/strong><br><br><\/p>\n\n\n\n<p class=\"has-small-font-size\"><strong>1. Warnhinweis zu Inhalten<\/strong><\/p>\n\n\n\n<p class=\"has-small-font-size\">Die kostenlosen und frei zug\u00e4nglichen Inhalte dieser Webseite wurden mit gr\u00f6\u00dftm\u00f6glicher Sorgfalt erstellt. Der Anbieter dieser Webseite \u00fcbernimmt jedoch keine Gew\u00e4hr f\u00fcr die Richtigkeit und Aktualit\u00e4t der bereitgestellten kostenlosen und frei zug\u00e4nglichen journalistischen Ratgeber und Nachrichten. Namentlich gekennzeichnete Beitr\u00e4ge geben die Meinung des jeweiligen Autors und nicht immer die Meinung des Anbieters wieder. Allein durch den Aufruf der kostenlosen und frei zug\u00e4nglichen Inhalte kommt keinerlei Vertragsverh\u00e4ltnis zwischen dem Nutzer und dem Anbieter zustande, insoweit fehlt es am Rechtsbindungswillen des Anbieters. &nbsp; <\/p>\n\n\n\n<h6 class=\"wp-block-heading\">2. Externe Links<\/h6>\n\n\n\n<p class=\"has-small-font-size\">Diese Website enth\u00e4lt Verkn\u00fcpfungen zu Websites Dritter (&#8222;externe Links&#8220;). Diese Websites unterliegen der Haftung der jeweiligen Betreiber. Der Anbieter hat bei der erstmaligen Verkn\u00fcpfung der externen Links die fremden Inhalte daraufhin \u00fcberpr\u00fcft, ob etwaige Rechtsverst\u00f6\u00dfe bestehen. Zu dem Zeitpunkt waren keine Rechtsverst\u00f6\u00dfe ersichtlich. Der Anbieter hat keinerlei Einfluss auf die aktuelle und zuk\u00fcnftige Gestaltung und auf die Inhalte der verkn\u00fcpften Seiten. Das Setzen von externen Links bedeutet nicht, dass sich der Anbieter die hinter dem Verweis oder Link liegenden Inhalte zu Eigen macht. Eine st\u00e4ndige Kontrolle der externen Links ist f\u00fcr den Anbieter ohne konkrete Hinweise auf Rechtsverst\u00f6\u00dfe nicht zumutbar. Bei Kenntnis von Rechtsverst\u00f6\u00dfen werden jedoch derartige externe Links unverz\u00fcglich gel\u00f6scht. &nbsp; <\/p>\n\n\n\n<h6 class=\"wp-block-heading\">3. Urheber- und Leistungsschutzrechte<\/h6>\n\n\n\n<p class=\"has-small-font-size\">Die auf dieser Website ver\u00f6ffentlichten Inhalte unterliegen dem deutschen Urheber- und Leistungsschutzrecht. Jede vom deutschen Urheber- und Leistungsschutzrecht nicht zugelassene Verwertung bedarf der vorherigen schriftlichen Zustimmung des Anbieters oder jeweiligen Rechteinhabers. Dies gilt insbesondere f\u00fcr Vervielf\u00e4ltigung, Bearbeitung, \u00dcbersetzung, Einspeicherung, Verarbeitung bzw. Wiedergabe von Inhalten in Datenbanken oder anderen elektronischen Medien und Systemen. Inhalte und Rechte Dritter sind dabei als solche gekennzeichnet. Die unerlaubte Vervielf\u00e4ltigung oder Weitergabe einzelner Inhalte oder kompletter Seiten ist nicht gestattet und strafbar. Lediglich die Herstellung von Kopien und Downloads f\u00fcr den pers\u00f6nlichen, privaten und nicht kommerziellen Gebrauch ist erlaubt.<\/p>\n\n\n\n<p class=\"has-small-font-size\">Die Darstellung dieser Website in fremden Frames ist nur mit schriftlicher Erlaubnis zul\u00e4ssig.\n&nbsp;\n\n<\/p>\n\n\n\n<h6 class=\"wp-block-heading\">4. Besondere Nutzungsbedingungen<\/h6>\n\n\n\n<p class=\"has-small-font-size\">Soweit besondere Bedingungen f\u00fcr einzelne Nutzungen dieser Website von den vorgenannten Nummern 1. bis 4. abweichen, wird an entsprechender Stelle ausdr\u00fccklich darauf hingewiesen. In diesem Falle gelten im jeweiligen Einzelfall die besonderen Nutzungsbedingungen.<br> Quelle: <a href=\"https:\/\/www.juraforum.de\/disclaimer_muster\/\">Disclaimer Muster von JuraForum.de<\/a><\/p>\n","protected":false},"excerpt":{"rendered":"<p>An dieser Stelle m\u00f6chte darauf hinweisen, dass die Erstellung dieser Webseite zu 95% durch mich selbst erfolgt ist. Dank moderner Kommunikationsm\u00f6glichkeiten ist es mir in Zusammenarbeit mit dem Freund meiner besten Freundin, seineszeichens IT-Spezie und mein pers\u00f6nlicher Technik-Gott gelungen, nicht auf die Fremderstellung durch irgendeine Webdesign-Firma zur\u00fcckgreifen zu m\u00fcssen. Das erf\u00fcllt mich mit Stolz und &hellip; <\/p>\n","protected":false},"author":1,"featured_media":0,"parent":0,"menu_order":0,"comment_status":"closed","ping_status":"closed","template":"","meta":{"footnotes":""},"class_list":["post-148","page","type-page","status-publish","hentry"],"jetpack_sharing_enabled":true,"_links":{"self":[{"href":"https:\/\/artig-anders.de\/index.php?rest_route=\/wp\/v2\/pages\/148"}],"collection":[{"href":"https:\/\/artig-anders.de\/index.php?rest_route=\/wp\/v2\/pages"}],"about":[{"href":"https:\/\/artig-anders.de\/index.php?rest_route=\/wp\/v2\/types\/page"}],"author":[{"embeddable":true,"href":"https:\/\/artig-anders.de\/index.php?rest_route=\/wp\/v2\/users\/1"}],"replies":[{"embeddable":true,"href":"https:\/\/artig-anders.de\/index.php?rest_route=%2Fwp%2Fv2%2Fcomments&post=148"}],"version-history":[{"count":10,"href":"https:\/\/artig-anders.de\/index.php?rest_route=\/wp\/v2\/pages\/148\/revisions"}],"predecessor-version":[{"id":357,"href":"https:\/\/artig-anders.de\/index.php?rest_route=\/wp\/v2\/pages\/148\/revisions\/357"}],"wp:attachment":[{"href":"https:\/\/artig-anders.de\/index.php?rest_route=%2Fwp%2Fv2%2Fmedia&parent=148"}],"curies":[{"name":"wp","href":"https:\/\/api.w.org\/{rel}","templated":true}]}}