{"id":176,"date":"2019-02-27T19:31:39","date_gmt":"2019-02-27T19:31:39","guid":{"rendered":"http:\/\/artig-anders.de\/?page_id=176"},"modified":"2021-08-25T14:20:02","modified_gmt":"2021-08-25T14:20:02","slug":"breche-das-tabu","status":"publish","type":"page","link":"https:\/\/artig-anders.de\/","title":{"rendered":"Sei eine Stimme, kein Echo!"},"content":{"rendered":"\n<p>Mit diesem Blog m\u00f6chte ich Leuten, denen es geht &#8211; wie es mir ging und auch manchmal noch geht &#8211; Mut zusprechen.<\/p>\n\n\n\n<p>Psychische Erkrankungen wie Burnout, Depressionen, Anpassungsst\u00f6rungen oder Panikattacken sollten heute nichts mehr sein, f\u00fcr das man sich sch\u00e4men muss! Doch in der Realit\u00e4t und im Alltag sieht es leider oft noch anders aus. Das Thema ist immer noch <strong>Tabu!<\/strong><\/p>\n\n\n\n<p>Egal, ob in der Familie, bei Freunden oder im Arbeitsleben. Viele haben hier sehr gro\u00dfe Vorbehalte und tun sich schwer damit umzugehen.  <\/p>\n\n\n\n<p>Aus Angst vor Stigmatisierung sprechen die Betroffenen nicht offen dar\u00fcber. Denn es wird gern als Schw\u00e4che ausgelegt und man wird eher behandelt, als h\u00e4tte man eine ansteckende Krankheit.<\/p>\n\n\n\n<p>Bandscheibenvorfall, Herzinfarkt oder Migr\u00e4ne sind anerkannte Krankheiten. Wenn die Seele jedoch leidet ist es oft nicht greifbar. Denn, man sieht ja nichts! <\/p>\n\n\n\n<p class=\"has-text-align-center\"><strong>Dann hast Du &#8222;Morbus Bahlsen&#8220; &#8211; einen an der Waffel!<\/strong><\/p>\n\n\n\n<p>Bei psychischen Erkrankungen wird man gern bel\u00e4chelt. Die Gesellschaft betitelt Dich als schwach, nicht belastbar, so passt Du nicht ins System, bist au\u00dferhalb der Matrix.<\/p>\n\n\n\n<p>Schluck doch einfach eine Pille, dann geht`s schon wieder! Burnout ist doch nur eine Modeerscheinung, die viele haben, weil es gerade chic ist. Stell Dich mal nicht so an! Hat der Arzt denn auch Fieber gemessen? Das sind nur einige Dinge, die ich mir bereits anh\u00f6ren durfte. <\/p>\n\n\n\n<div class=\"wp-block-image\"><figure class=\"aligncenter size-large is-resized\"><img loading=\"lazy\" decoding=\"async\" src=\"https:\/\/i0.wp.com\/artig-anders.de\/wp-content\/uploads\/2021\/08\/PicsArt_08-22-10.14.59-scaled-e1629665236183-1024x801.jpg?resize=406%2C317&#038;ssl=1\" alt=\"\" class=\"wp-image-775\" width=\"406\" height=\"317\" srcset=\"https:\/\/i0.wp.com\/artig-anders.de\/wp-content\/uploads\/2021\/08\/PicsArt_08-22-10.14.59-scaled-e1629665236183.jpg?resize=1024%2C801&amp;ssl=1 1024w, https:\/\/i0.wp.com\/artig-anders.de\/wp-content\/uploads\/2021\/08\/PicsArt_08-22-10.14.59-scaled-e1629665236183.jpg?resize=300%2C235&amp;ssl=1 300w, https:\/\/i0.wp.com\/artig-anders.de\/wp-content\/uploads\/2021\/08\/PicsArt_08-22-10.14.59-scaled-e1629665236183.jpg?resize=768%2C601&amp;ssl=1 768w, https:\/\/i0.wp.com\/artig-anders.de\/wp-content\/uploads\/2021\/08\/PicsArt_08-22-10.14.59-scaled-e1629665236183.jpg?resize=1536%2C1202&amp;ssl=1 1536w, https:\/\/i0.wp.com\/artig-anders.de\/wp-content\/uploads\/2021\/08\/PicsArt_08-22-10.14.59-scaled-e1629665236183.jpg?resize=2048%2C1602&amp;ssl=1 2048w, https:\/\/i0.wp.com\/artig-anders.de\/wp-content\/uploads\/2021\/08\/PicsArt_08-22-10.14.59-scaled-e1629665236183.jpg?resize=77%2C60&amp;ssl=1 77w\" sizes=\"(max-width: 406px) 100vw, 406px\" data-recalc-dims=\"1\" \/><\/figure><\/div>\n\n\n\n<p>Bereits vor der Jahrtausendwende hat die Weltgesundheitsorganisation (WHO) prognostiziert, dass Stress die gr\u00f6\u00dfte Gesundheitsgefahr des 21. Jahrhunderts darstellen wird. <\/p>\n\n\n\n<p>\u00dcber 20 Jahre sp\u00e4ter hat hier jedoch noch kein wirklich nachhaltiges Umdenken stattgefunden.  <\/p>\n\n\n\n<p class=\"has-text-align-center\"><strong>Schluss damit!<\/strong><\/p>\n\n\n\n<p>Ich habe mich getraut damit offen umzugehen. Nat\u00fcrlich gab es viel Gerede, man legte mir Steine in den Weg, hat mich auflaufen lassen oder mir gar die Freundschaft gek\u00fcndigt.  <\/p>\n\n\n\n<div class=\"wp-block-image\"><figure class=\"aligncenter size-large is-resized\"><img loading=\"lazy\" decoding=\"async\" src=\"https:\/\/i0.wp.com\/artig-anders.de\/wp-content\/uploads\/2021\/08\/PicsArt_08-22-10.05.39-scaled-e1629664859154-1024x568.jpg?resize=550%2C304&#038;ssl=1\" alt=\"\" class=\"wp-image-776\" width=\"550\" height=\"304\" srcset=\"https:\/\/i0.wp.com\/artig-anders.de\/wp-content\/uploads\/2021\/08\/PicsArt_08-22-10.05.39-scaled-e1629664859154.jpg?resize=1024%2C568&amp;ssl=1 1024w, https:\/\/i0.wp.com\/artig-anders.de\/wp-content\/uploads\/2021\/08\/PicsArt_08-22-10.05.39-scaled-e1629664859154.jpg?resize=300%2C166&amp;ssl=1 300w, https:\/\/i0.wp.com\/artig-anders.de\/wp-content\/uploads\/2021\/08\/PicsArt_08-22-10.05.39-scaled-e1629664859154.jpg?resize=768%2C426&amp;ssl=1 768w, https:\/\/i0.wp.com\/artig-anders.de\/wp-content\/uploads\/2021\/08\/PicsArt_08-22-10.05.39-scaled-e1629664859154.jpg?resize=1536%2C852&amp;ssl=1 1536w, https:\/\/i0.wp.com\/artig-anders.de\/wp-content\/uploads\/2021\/08\/PicsArt_08-22-10.05.39-scaled-e1629664859154.jpg?resize=2048%2C1136&amp;ssl=1 2048w, https:\/\/i0.wp.com\/artig-anders.de\/wp-content\/uploads\/2021\/08\/PicsArt_08-22-10.05.39-scaled-e1629664859154.jpg?resize=108%2C60&amp;ssl=1 108w\" sizes=\"(max-width: 550px) 100vw, 550px\" data-recalc-dims=\"1\" \/><\/figure><\/div>\n\n\n\n<p>W\u00fcrde ich es heute anders machen? <strong>NEIN!!!<\/strong> Denn ich habe diesen steinigen Weg ganz bewusst so gew\u00e4hlt! Anfangs hat man mich bel\u00e4chelt, heute ist es anders!<\/p>\n\n\n\n<p>Und wenn ich das kann, dann kannst Du das auch! <\/p>\n\n\n\n<p><strong>Also sei eine<\/strong> <strong>STIMME &#8211; kein Echo!<\/strong><\/p>\n\n\n\n<p><\/p>\n\n\n\n<h2 class=\"wp-block-heading\">An die, die es angeht!<\/h2>\n\n\n\n<p>An dieser Stelle und aus gegebenem Anlass m\u00f6chte ich gerne einmal etwas WICHTIGES klarstellen!<\/p>\n\n\n\n<p>Mein Blog schildert gr\u00f6\u00dftenteils meine pers\u00f6nliche Geschichte und ich beschreibe die Dinge, wie ich sie pers\u00f6nlich erlebt und empfunden habe. Es ist meine Sicht der Dinge!<\/p>\n\n\n\n<p>Es liegt mir v\u00f6llig fern mit dem Geschilderten jemanden blo\u00dfzustellen. Ich will damit nicht  anprangern, mich r\u00e4chen oder sonst irgendetwas b\u00f6ses! <\/p>\n\n\n\n<p>Aus diesem Grund m\u00f6chte ich noch einmal ausdr\u00fccklich betonen, dass alle hier geschilderten Vorkommnisse inklusive der daran beteiligten Personen einfach Teil meiner pers\u00f6nlichen Geschichte sind.<\/p>\n\n\n\n<p>Da ich davon \u00fcberzeugt bin, dass nichts im Leben ohne Grund geschieht, bin ich heute all den Menschen, die in meinen Beitr\u00e4gen meine &#8222;Arschengel&#8220; waren &#8211; egal ob Exfreund, Ex-Beste Freundin, Kollegen oder Vorgesetzte dankbar, dass sie mich gepr\u00e4gt haben. Denn nur dadurch konnte ich immer weiter wachsen!!!<\/p>\n\n\n\n<p>Sollte also irgendjemand von Euch irgendwann mal auf meiner Seite landen, dann versteht es bitte richtig. Auch wenn in den Beitr\u00e4gen teilweise noch der Schmerz, die Wut und die Angst von damals sitzt bin ich Euch allen von Herzen dankbar f\u00fcr diese wertvollen Erfahrungen!!<\/p>\n\n\n\n<div class=\"wp-block-image\"><figure class=\"aligncenter size-large is-resized\"><img loading=\"lazy\" decoding=\"async\" src=\"https:\/\/i0.wp.com\/artig-anders.de\/wp-content\/uploads\/2020\/05\/PicsArt_05-12-07.20.10.jpg?resize=408%2C408&#038;ssl=1\" alt=\"\" class=\"wp-image-686\" width=\"408\" height=\"408\" srcset=\"https:\/\/i0.wp.com\/artig-anders.de\/wp-content\/uploads\/2020\/05\/PicsArt_05-12-07.20.10.jpg?resize=1024%2C1024&amp;ssl=1 1024w, https:\/\/i0.wp.com\/artig-anders.de\/wp-content\/uploads\/2020\/05\/PicsArt_05-12-07.20.10.jpg?resize=300%2C300&amp;ssl=1 300w, https:\/\/i0.wp.com\/artig-anders.de\/wp-content\/uploads\/2020\/05\/PicsArt_05-12-07.20.10.jpg?resize=150%2C150&amp;ssl=1 150w, https:\/\/i0.wp.com\/artig-anders.de\/wp-content\/uploads\/2020\/05\/PicsArt_05-12-07.20.10.jpg?resize=768%2C768&amp;ssl=1 768w, https:\/\/i0.wp.com\/artig-anders.de\/wp-content\/uploads\/2020\/05\/PicsArt_05-12-07.20.10.jpg?resize=1536%2C1536&amp;ssl=1 1536w, https:\/\/i0.wp.com\/artig-anders.de\/wp-content\/uploads\/2020\/05\/PicsArt_05-12-07.20.10.jpg?resize=2048%2C2048&amp;ssl=1 2048w, https:\/\/i0.wp.com\/artig-anders.de\/wp-content\/uploads\/2020\/05\/PicsArt_05-12-07.20.10.jpg?resize=1140%2C1140&amp;ssl=1 1140w, https:\/\/i0.wp.com\/artig-anders.de\/wp-content\/uploads\/2020\/05\/PicsArt_05-12-07.20.10.jpg?resize=75%2C75&amp;ssl=1 75w\" sizes=\"(max-width: 408px) 100vw, 408px\" data-recalc-dims=\"1\" \/><\/figure><\/div>\n\n\n\n<p><br><br><\/p>\n\n\n<p><!--EndFragment--><\/p>","protected":false},"excerpt":{"rendered":"<p>Mit diesem Blog m\u00f6chte ich Leuten, denen es geht &#8211; wie es mir ging und auch manchmal noch geht &#8211; Mut zusprechen. Psychische Erkrankungen wie Burnout, Depressionen, Anpassungsst\u00f6rungen oder Panikattacken sollten heute nichts mehr sein, f\u00fcr das man sich sch\u00e4men muss! Doch in der Realit\u00e4t und im Alltag sieht es leider oft noch anders aus. &hellip; <\/p>\n","protected":false},"author":1,"featured_media":0,"parent":35,"menu_order":0,"comment_status":"closed","ping_status":"closed","template":"","meta":{"footnotes":""},"class_list":["post-176","page","type-page","status-publish","hentry"],"jetpack_sharing_enabled":true,"_links":{"self":[{"href":"https:\/\/artig-anders.de\/index.php?rest_route=\/wp\/v2\/pages\/176"}],"collection":[{"href":"https:\/\/artig-anders.de\/index.php?rest_route=\/wp\/v2\/pages"}],"about":[{"href":"https:\/\/artig-anders.de\/index.php?rest_route=\/wp\/v2\/types\/page"}],"author":[{"embeddable":true,"href":"https:\/\/artig-anders.de\/index.php?rest_route=\/wp\/v2\/users\/1"}],"replies":[{"embeddable":true,"href":"https:\/\/artig-anders.de\/index.php?rest_route=%2Fwp%2Fv2%2Fcomments&post=176"}],"version-history":[{"count":17,"href":"https:\/\/artig-anders.de\/index.php?rest_route=\/wp\/v2\/pages\/176\/revisions"}],"predecessor-version":[{"id":796,"href":"https:\/\/artig-anders.de\/index.php?rest_route=\/wp\/v2\/pages\/176\/revisions\/796"}],"up":[{"embeddable":true,"href":"https:\/\/artig-anders.de\/index.php?rest_route=\/wp\/v2\/pages\/35"}],"wp:attachment":[{"href":"https:\/\/artig-anders.de\/index.php?rest_route=%2Fwp%2Fv2%2Fmedia&parent=176"}],"curies":[{"name":"wp","href":"https:\/\/api.w.org\/{rel}","templated":true}]}}