{"id":258,"date":"2019-03-20T08:21:45","date_gmt":"2019-03-20T08:21:45","guid":{"rendered":"http:\/\/artig-anders.de\/?page_id=258"},"modified":"2019-03-27T12:49:49","modified_gmt":"2019-03-27T12:49:49","slug":"datenschutz","status":"publish","type":"page","link":"https:\/\/artig-anders.de\/?page_id=258","title":{"rendered":"Datenschutz"},"content":{"rendered":"\n<div class=\"wp-block-image\"><figure class=\"aligncenter is-resized\"><img loading=\"lazy\" decoding=\"async\" src=\"https:\/\/i0.wp.com\/artig-anders.de\/wp-content\/uploads\/2019\/03\/PicsArt_03-21-11.11.58.jpg?resize=465%2C471&#038;ssl=1\" alt=\"\" class=\"wp-image-264\" width=\"465\" height=\"471\" srcset=\"https:\/\/i0.wp.com\/artig-anders.de\/wp-content\/uploads\/2019\/03\/PicsArt_03-21-11.11.58.jpg?resize=1009%2C1024&amp;ssl=1 1009w, https:\/\/i0.wp.com\/artig-anders.de\/wp-content\/uploads\/2019\/03\/PicsArt_03-21-11.11.58.jpg?resize=296%2C300&amp;ssl=1 296w, https:\/\/i0.wp.com\/artig-anders.de\/wp-content\/uploads\/2019\/03\/PicsArt_03-21-11.11.58.jpg?resize=768%2C780&amp;ssl=1 768w, https:\/\/i0.wp.com\/artig-anders.de\/wp-content\/uploads\/2019\/03\/PicsArt_03-21-11.11.58.jpg?resize=1140%2C1157&amp;ssl=1 1140w, https:\/\/i0.wp.com\/artig-anders.de\/wp-content\/uploads\/2019\/03\/PicsArt_03-21-11.11.58.jpg?resize=75%2C75&amp;ssl=1 75w, https:\/\/i0.wp.com\/artig-anders.de\/wp-content\/uploads\/2019\/03\/PicsArt_03-21-11.11.58.jpg?w=1915&amp;ssl=1 1915w\" sizes=\"(max-width: 465px) 100vw, 465px\" data-recalc-dims=\"1\" \/><\/figure><\/div>\n\n\n\n<p class=\"has-small-font-size\"><strong>1.Geltungsbereich<\/strong><br>Diese Datenschutzerkl\u00e4rung soll die Nutzer dieser Website und des Newsletters gem\u00e4\u00df Bundesdatenschutzgesetz und Telemediengesetz \u00fcber die Art, den Umfang und den Zweck der Erhebung und Verwendung personenbezogener Daten durch den Websitebetreiber informieren.<\/p>\n\n\n\n<p class=\"has-small-font-size\">Der Websitebetreiber nimmt Ihren Datenschutz sehr ernst und behandelt Ihre personenbezogenen Daten vertraulich und entsprechend der gesetzlichen Vorschriften. <\/p>\n\n\n\n<p class=\"has-small-font-size\">Bedenken Sie, dass die Daten\u00fcbertragung im Internet grunds\u00e4tzlich mit Sicherheitsl\u00fccken bedacht sein kann. Ein vollumf\u00e4nglicher Schutz vor dem Zugriff durch Fremde ist nicht realisierbar. <\/p>\n\n\n\n<p class=\"has-small-font-size\"><strong>2.Erhobene Daten<\/strong><br>Der Websitebetreiber bzw. Seitenprovider erhebt Daten bei der Anmeldung zum Newsletter. Die erhobenen Daten werden ausschlie\u00dflich zur Versendung des Newsletter, sowie f\u00fcr die Kommentare verwendet und nicht an Dritte \u00fcbermittelt. Die Angabe bei Kommentaren soll den Betreiber vor <\/p>\n\n\n\n<p class=\"has-small-font-size\">Erhoben werden: <\/p>\n\n\n\n<p class=\"has-small-font-size\">-Name, Vorname<br>-Email-Adresse<\/p>\n\n\n\n<p class=\"has-small-font-size\"><strong>3.Umgang mit personenbezogenen Daten<\/strong><br>Der Websitebetreiber erhebt, nutzt und gibt Ihre personenbezogenen Daten nur dann weiter, wenn dies im gesetzlichen Rahmen erlaubt ist oder Sie in die Datenerhebung einwilligen. <\/p>\n\n\n\n<p class=\"has-small-font-size\">Als personenbezogene Daten gelten s\u00e4mtliche Informationen, welche dazu dienen, Ihre Person zu bestimmen und welche zu Ihnen zur\u00fcckverfolgt werden k\u00f6nnen &#8211; also beispielsweise Ihr Name, Ihre E-Mail-Adresse und Telefonnummer.<\/p>\n\n\n\n<p class=\"has-small-font-size\"><strong>4.Umgang mit Kontaktdaten<\/strong><br>Nehmen Sie mit dem Websitebetreiber durch die angebotenen Kontaktm\u00f6glichkeiten Verbindung auf, werden Ihre Angaben gespeichert, damit auf diese zur Bearbeitung und \u00dcbermittlung zugegriffen werden kann.<\/p>\n\n\n\n<p class=\"has-small-font-size\"><strong>5.Ihre Rechte als von der Datenverarbeitung Betroffener<\/strong><br>Nach den anwendbaren Gesetzen haben Sie verschiedene Rechte bez\u00fcglich Ihrer personenbezogenen Daten. M\u00f6chten Sie diese Rechte geltend machen, so richten Sie Ihre Anfrage bitte per E-Mail oder per Post unter eindeutiger Identifizierung Ihrer Person an die in Ziffer 1 genannte Adresse.<br><br>Nachfolgend finden Sie eine \u00dcbersicht \u00fcber Ihre Rechte.<br><br><strong>5.1&nbsp;Recht auf Best\u00e4tigung und Auskunft<\/strong><br>Sie haben das Recht auf eine \u00fcbersichtliche Auskunft \u00fcber die Verarbeitung Ihrer personenbezogenen Daten.<br><br>Im Einzelnen:<br>Sie haben jederzeit das Recht, von uns eine Best\u00e4tigung dar\u00fcber zu erhalten, ob Sie betreffende personenbezogene Daten verarbeitet werden. Ist dies der Fall, so haben Sie das Recht, von uns eine unentgeltliche Auskunft \u00fcber die zu Ihnen gespeicherten personenbezogenen Daten nebst einer Kopie dieser Daten zu verlangen. Des Weiteren besteht ein Recht auf folgende Informationen:<br><br>die Verarbeitungszwecke;die Kategorien personenbezogener Daten, die verarbeitet werden;die Empf\u00e4nger oder Kategorien von Empf\u00e4ngern, gegen\u00fcber denen die personenbezogenen Daten offengelegt worden sind oder noch offengelegt werden, insbesondere bei Empf\u00e4ngern in Drittl\u00e4ndern oder bei internationalen Organisationen;falls m\u00f6glich, die geplante Dauer, f\u00fcr die die personenbezogenen Daten gespeichert werden, oder, falls dies nicht m\u00f6glich ist, die Kriterien f\u00fcr die Festlegung dieser Dauer;das Bestehen eines Rechts auf Berichtigung oder L\u00f6schung der Sie betreffenden personenbezogenen Daten oder auf Einschr\u00e4nkung der Verarbeitung durch den Verantwortlichen oder eines Widerspruchsrechts gegen diese Verarbeitung;das Bestehen eines Beschwerderechts bei einer Aufsichtsbeh\u00f6rde;wenn die personenbezogenen Daten nicht bei Ihnen erhoben werden, alle verf\u00fcgbaren Informationen \u00fcber die Herkunft der Daten;das Bestehen einer automatisierten Entscheidungsfindung einschlie\u00dflich Profiling gem\u00e4\u00df&nbsp; 22Abs. 1 und 4 DSGVO und \u2013 zumindest in diesen F\u00e4llen \u2013 aussagekr\u00e4ftige Informationen \u00fcber die involvierte Logik sowie die Tragweite und die angestrebten Auswirkungen einer derartigen Verarbeitung f\u00fcr Sie.<br>Werden personenbezogene Daten an ein Drittland oder an eine internationale Organisation \u00fcbermittelt, so haben Sie das Recht, \u00fcber die geeigneten Garantien gem\u00e4\u00df Art. 46 DSGVO im Zusammenhang mit der \u00dcbermittlung unterrichtet zu werden.<br><br><strong>5.2&nbsp;Recht auf Berichtigung<\/strong><br>Sie haben das Recht, von uns die Berichtigung und ggf. auch Vervollst\u00e4ndigung Sie betreffender personenbezogener Daten zu verlangen.<br><br>Im Einzelnen:<br>Sie haben das Recht, von uns unverz\u00fcglich die Berichtigung Sie betreffender unrichtiger personenbezogener Daten zu verlangen. Unter Ber\u00fccksichtigung der Zwecke der Verarbeitung haben Sie das Recht, die Vervollst\u00e4ndigung unvollst\u00e4ndiger personenbezogener Daten \u2013 auch mittels einer erg\u00e4nzenden Erkl\u00e4rung \u2013 zu verlangen.<br><br><strong>5.3&nbsp;Recht auf L\u00f6schung (&#8222;Recht auf Vergessenwerden&#8220;)<\/strong><br>In einer Reihe von F\u00e4llen sind wir verpflichtet, Sie betreffende personenbezogene Daten zu l\u00f6schen.<br><br>Im Einzelnen:<br>Sie haben gem\u00e4\u00df Art. 17 Abs. 1 DSGVO das Recht, von uns zu verlangen, dass Sie betreffende personenbezogene Daten unverz\u00fcglich gel\u00f6scht werden, und wir sind verpflichtet, personenbezogene Daten unverz\u00fcglich zu l\u00f6schen, sofern einer der folgenden Gr\u00fcnde zutrifft:<br><br>Die personenbezogenen Daten sind f\u00fcr die Zwecke, f\u00fcr die sie erhoben oder auf sonstige Weise verarbeitet wurden, nicht mehr notwendig. Sie widerrufen Ihre Einwilligung, auf die sich die Verarbeitung gem\u00e4\u00df&nbsp; 6Abs. 1 S. 1 a) DSGVO oder&nbsp;Art. 9&nbsp;Abs. 2 a) DSGVO st\u00fctzte, und es fehlt an einer anderweitigen Rechtsgrundlage f\u00fcr die Verarbeitung. Sie legen gem\u00e4\u00df&nbsp; 21Abs. 1 DSGVO Widerspruch gegen die Verarbeitung ein und es liegen keine vorrangigen berechtigten Gr\u00fcnde f\u00fcr die Verarbeitung vor, oder Sie legen gem\u00e4\u00df&nbsp;Art. 21&nbsp;Abs. 2 DSGVO Widerspruch gegen die Verarbeitung ein. Die personenbezogenen Daten wurden unrechtm\u00e4\u00dfig verarbeitet. Die L\u00f6schung der personenbezogenen Daten ist zur Erf\u00fcllung einer rechtlichen Verpflichtung nach dem Unionsrecht oder dem Recht der Mitgliedstaaten erforderlich, dem wir unterliegen. Die personenbezogenen Daten wurden in Bezug auf angebotene Dienste der Informationsgesellschaft gem\u00e4\u00df&nbsp; 8Abs. 1 DSGVO erhoben.<br><br>Haben wir die personenbezogenen Daten \u00f6ffentlich gemacht und sind wir gem\u00e4\u00df Art. 17 Abs. 1 DSGVO zu deren L\u00f6schung verpflichtet, so treffen wir unter Ber\u00fccksichtigung der verf\u00fcgbaren Technologie und der Implementierungskosten angemessene Ma\u00dfnahmen, auch technischer Art, um f\u00fcr die Datenverarbeitung Verantwortliche, die die personenbezogenen Daten verarbeiten, dar\u00fcber zu informieren, dass Sie von ihnen die L\u00f6schung aller Links zu diesen personenbezogenen Daten oder von Kopien oder Replikationen dieser personenbezogenen Daten verlangt haben.<br><br><strong>5.4&nbsp;Recht auf Einschr\u00e4nkung der Verarbeitung<\/strong><br><br>In einer Reihe von F\u00e4llen sind Sie berechtigt, von uns eine Einschr\u00e4nkung der Verarbeitung Ihrer personenbezogenen Daten zu verlangen.<br><br>Im Einzelnen:<br>Sie haben das Recht, von uns die Einschr\u00e4nkung der Verarbeitung zu verlangen, wenn eine der folgenden Voraussetzungen gegeben ist:<br><br>die Richtigkeit der personenbezogenen Daten wird von Ihnen bestritten, und zwar f\u00fcr eine Dauer, die es uns erm\u00f6glicht, die Richtigkeit der personenbezogenen Daten zu \u00fcberpr\u00fcfen,die Verarbeitung unrechtm\u00e4\u00dfig ist und Sie die L\u00f6schung der personenbezogenen Daten ablehnten und stattdessen die Einschr\u00e4nkung der Nutzung der personenbezogenen Daten verlangt haben;wir die personenbezogenen Daten f\u00fcr die Zwecke der Verarbeitung nicht l\u00e4nger ben\u00f6tigen, Sie die Daten jedoch zur Geltendmachung, Aus\u00fcbung oder Verteidigung von Rechtsanspr\u00fcchen ben\u00f6tigen, oderSie Widerspruch gegen die Verarbeitung gem\u00e4\u00df&nbsp; 21Abs. 1 DSGVO eingelegt haben, solange noch nicht feststeht, ob die berechtigten Gr\u00fcnde unseres Unternehmens gegen\u00fcber den Ihren \u00fcberwiegen.&nbsp;5.5&nbsp;Recht auf Daten\u00fcbertragbarkeit<br><br>Sie haben das Recht, Sie betreffende personenbezogene Daten maschinenlesbar zu erhalten, zu \u00fcbermitteln, oder von uns \u00fcbermitteln zu lasen.<br><br>Im Einzelnen:<br>Sie haben das Recht, die Sie betreffenden personenbezogenen Daten, die Sie uns bereitgestellt haben, in einem strukturierten, g\u00e4ngigen und maschinenlesbaren Format zu erhalten, und Sie haben das Recht, diese Daten einem anderen Verantwortlichen ohne Behinderung durch uns zu \u00fcbermitteln, sofern die Verarbeitung auf einer Einwilligung gem\u00e4\u00df&nbsp; 6Abs. 1 S. 1 a) DSGVO oder&nbsp;Art. 9&nbsp;Abs. 2 a) DSGVO oder auf einem Vertrag gem\u00e4\u00df&nbsp;Art. 6&nbsp;Abs. 1 S. 1 b) DSGVO beruht unddie Verarbeitung mithilfe automatisierter Verfahren erfolgt.<br><br>Bei der Aus\u00fcbung Ihres Rechts auf Daten\u00fcbertragbarkeit gem\u00e4\u00df Absatz 1 haben Sie das Recht, zu erwirken, dass die personenbezogenen Daten direkt von uns einem anderen Verantwortlichen \u00fcbermittelt werden, soweit dies technisch machbar ist.&nbsp;&nbsp;&nbsp;<br><br><strong>5.6&nbsp;Widerspruchsrecht<\/strong><br><br>Sie haben das Recht, aus einer rechtm\u00e4\u00dfigen Verarbeitung Ihrer personenbezogenen Daten durch uns zu widersprechen, wenn sich dies aus Ihrer besonderen Situation begr\u00fcndet und unsere Interessen an der Verarbeitung nicht \u00fcberwiegen.<br><br>Im Einzelnen:<br>Sie haben das Recht, aus Gr\u00fcnden, die sich aus Ihrer besonderen Situation ergeben, jederzeit gegen die Verarbeitung Sie betreffender personenbezogener Daten, die aufgrund von&nbsp;Art. 6&nbsp;Abs. 1 S. 1 e) oder f) DSGVO erfolgt, Widerspruch einzulegen; dies gilt auch f\u00fcr ein auf diese Bestimmungen gest\u00fctztes Profiling. Wir verarbeiten die personenbezogenen Daten nicht mehr, es sei denn, wir k\u00f6nnen zwingende schutzw\u00fcrdige Gr\u00fcnde f\u00fcr die Verarbeitung nachweisen, die Ihre Interessen, Rechte und Freiheiten \u00fcberwiegen, oder die Verarbeitung dient der Geltendmachung, Aus\u00fcbung oder Verteidigung von Rechtsanspr\u00fcchen.<br><br>Werden personenbezogene Daten von uns verarbeitet, um Direktwerbung zu betreiben, so haben Sie das Recht, jederzeit Widerspruch gegen die Verarbeitung Sie betreffender personenbezogener Daten zum Zwecke derartiger Werbung einzulegen; dies gilt auch f\u00fcr das Profiling, soweit es mit solcher Direktwerbung in Verbindung steht.<br><br>Sie haben das Recht, aus Gr\u00fcnden, die sich aus Ihrer besonderen Situation ergeben, gegen die Sie betreffende Verarbeitung Sie betreffender personenbezogener Daten, die zu wissenschaftlichen oder historischen Forschungszwecken oder zu statistischen Zwecken gem\u00e4\u00df&nbsp;Art. 89&nbsp;Abs. 1 DSGVO erfolgt, Widerspruch einzulegen, es sei denn, die Verarbeitung ist zur Erf\u00fcllung einer im \u00f6ffentlichen Interesse liegenden Aufgabe erforderlich.<br><strong><br>5.7&nbsp;Automatisierte Entscheidungen einschlie\u00dflich Profiling<\/strong><br><br>Sie haben das Recht, nicht einer ausschlie\u00dflich auf einer automatisierten Verarbeitung \u2013 einschlie\u00dflich Profiling \u2013 beruhenden Entscheidung unterworfen zu werden, die Ihnen gegen\u00fcber rechtliche Wirkung entfaltet oder Sie in \u00e4hnlicher Weise erheblich beeintr\u00e4chtigt.<br>Eine automatisierte Entscheidungsfindung auf der Grundlage der erhobenen personenbezogenen Daten findet nicht statt.<br><strong><br>5.8&nbsp;Recht auf Widerruf einer datenschutzrechtlichen Einwilligung<\/strong><br>Sie haben das Recht, Ihre datenschutzrechtliche Einwilligungserkl\u00e4rung jederzeit zu widerrufen. Durch den Widerruf der Einwilligung wird die Rechtm\u00e4\u00dfigkeit der aufgrund der Einwilligung bis zum Widerruf erfolgten Verarbeitung nicht ber\u00fchrt.<br><br><strong>5.9&nbsp;Recht auf Beschwerde bei einer Aufsichtsbeh\u00f6rde<\/strong><br>Sie haben das Recht auf Beschwerde bei einer Aufsichtsbeh\u00f6rde, insbesondere in dem Mitgliedstaat Ihres Aufenthaltsorts, Ihres Arbeitsplatzes oder des Orts des mutma\u00dflichen Versto\u00dfes, wenn Sie der Ansicht sind, dass die Verarbeitung der Sie betreffenden personenbezogenen Daten rechtswidrig ist.<br>Die Aufsichtsbeh\u00f6rde, bei der die Beschwerde eingereicht wurde, unterrichtet den Beschwerdef\u00fchrer \u00fcber den Stand und die Ergebnisse der Beschwerde einschlie\u00dflich der M\u00f6glichkeit eines gerichtlichen Rechtsbehelfs nach Art.&nbsp;78 DSGVO.<\/p>\n\n\n\n<p class=\"has-small-font-size\"><strong>Kommentare und Beitr\u00e4ge<\/strong><br>Wenn Nutzer Kommentare im Blog oder sonstige Beitr\u00e4ge hinterlassen, werden ihre IP-Adressen gespeichert. Das erfolgt zur Sicherheit des Anbieters, falls jemand in Kommentaren und Beitr\u00e4gen widerrechtliche Inhalte schreibt (Beleidigungen, verbotene politische Propaganda, etc.). In diesem Fall kann der Anbieter selbst f\u00fcr den Kommentar oder Beitrag belangt werden und ist daher an der Identit\u00e4t des Verfassers interessiert.<\/p>\n\n\n\n<p><br><\/p>\n\n\n<p><!--EndFragment--><\/p>\n\n\n<p><\/p>\n\n\n<p><!--EndFragment--><\/p>","protected":false},"excerpt":{"rendered":"<p>1.GeltungsbereichDiese Datenschutzerkl\u00e4rung soll die Nutzer dieser Website und des Newsletters gem\u00e4\u00df Bundesdatenschutzgesetz und Telemediengesetz \u00fcber die Art, den Umfang und den Zweck der Erhebung und Verwendung personenbezogener Daten durch den Websitebetreiber informieren. Der Websitebetreiber nimmt Ihren Datenschutz sehr ernst und behandelt Ihre personenbezogenen Daten vertraulich und entsprechend der gesetzlichen Vorschriften. Bedenken Sie, dass die Daten\u00fcbertragung &hellip; <\/p>\n","protected":false},"author":1,"featured_media":0,"parent":0,"menu_order":0,"comment_status":"closed","ping_status":"closed","template":"","meta":{"footnotes":""},"class_list":["post-258","page","type-page","status-publish","hentry"],"jetpack_sharing_enabled":true,"_links":{"self":[{"href":"https:\/\/artig-anders.de\/index.php?rest_route=\/wp\/v2\/pages\/258"}],"collection":[{"href":"https:\/\/artig-anders.de\/index.php?rest_route=\/wp\/v2\/pages"}],"about":[{"href":"https:\/\/artig-anders.de\/index.php?rest_route=\/wp\/v2\/types\/page"}],"author":[{"embeddable":true,"href":"https:\/\/artig-anders.de\/index.php?rest_route=\/wp\/v2\/users\/1"}],"replies":[{"embeddable":true,"href":"https:\/\/artig-anders.de\/index.php?rest_route=%2Fwp%2Fv2%2Fcomments&post=258"}],"version-history":[{"count":5,"href":"https:\/\/artig-anders.de\/index.php?rest_route=\/wp\/v2\/pages\/258\/revisions"}],"predecessor-version":[{"id":301,"href":"https:\/\/artig-anders.de\/index.php?rest_route=\/wp\/v2\/pages\/258\/revisions\/301"}],"wp:attachment":[{"href":"https:\/\/artig-anders.de\/index.php?rest_route=%2Fwp%2Fv2%2Fmedia&parent=258"}],"curies":[{"name":"wp","href":"https:\/\/api.w.org\/{rel}","templated":true}]}}