{"id":35,"date":"2019-02-13T15:06:46","date_gmt":"2019-02-13T15:06:46","guid":{"rendered":"http:\/\/artig-anders.de\/?page_id=35"},"modified":"2021-08-22T21:33:50","modified_gmt":"2021-08-22T21:33:50","slug":"about-me-myself-and-i","status":"publish","type":"page","link":"https:\/\/artig-anders.de\/?page_id=35","title":{"rendered":"About me, myself and i"},"content":{"rendered":"\n<div class=\"wp-block-image\"><figure class=\"aligncenter size-full is-resized\"><img decoding=\"async\" src=\"https:\/\/i0.wp.com\/artig-anders.de\/wp-content\/uploads\/2019\/02\/cropped-33158cea-dd91-4427-a311-b948586ff723.jpg?w=1020&#038;ssl=1\" alt=\"\" class=\"wp-image-724\" width=\"-93\" height=\"-93\" srcset=\"https:\/\/i0.wp.com\/artig-anders.de\/wp-content\/uploads\/2019\/02\/cropped-33158cea-dd91-4427-a311-b948586ff723.jpg?w=512&amp;ssl=1 512w, https:\/\/i0.wp.com\/artig-anders.de\/wp-content\/uploads\/2019\/02\/cropped-33158cea-dd91-4427-a311-b948586ff723.jpg?resize=300%2C300&amp;ssl=1 300w, https:\/\/i0.wp.com\/artig-anders.de\/wp-content\/uploads\/2019\/02\/cropped-33158cea-dd91-4427-a311-b948586ff723.jpg?resize=150%2C150&amp;ssl=1 150w, https:\/\/i0.wp.com\/artig-anders.de\/wp-content\/uploads\/2019\/02\/cropped-33158cea-dd91-4427-a311-b948586ff723.jpg?resize=60%2C60&amp;ssl=1 60w, https:\/\/i0.wp.com\/artig-anders.de\/wp-content\/uploads\/2019\/02\/cropped-33158cea-dd91-4427-a311-b948586ff723.jpg?resize=270%2C270&amp;ssl=1 270w, https:\/\/i0.wp.com\/artig-anders.de\/wp-content\/uploads\/2019\/02\/cropped-33158cea-dd91-4427-a311-b948586ff723.jpg?resize=192%2C192&amp;ssl=1 192w, https:\/\/i0.wp.com\/artig-anders.de\/wp-content\/uploads\/2019\/02\/cropped-33158cea-dd91-4427-a311-b948586ff723.jpg?resize=180%2C180&amp;ssl=1 180w, https:\/\/i0.wp.com\/artig-anders.de\/wp-content\/uploads\/2019\/02\/cropped-33158cea-dd91-4427-a311-b948586ff723.jpg?resize=32%2C32&amp;ssl=1 32w\" sizes=\"(max-width: 512px) 100vw, 512px\" data-recalc-dims=\"1\" \/><\/figure><\/div>\n\n\n\n<p>Moin!<\/p>\n\n\n\n<p>Ich bin FrlCori und ich habe Depressionen. Ich bin Anfang\/ Mitte 40, aber 40 ist ja heute das neue 30! <\/p>\n\n\n\n<p>Ich bin oft tief gefallen, doch ich habe es immer geschafft wieder aufzustehen. Denn ich glaube fest daran, dass jeder ein gl\u00fcckliches Leben f\u00fchren kann, egal was im Rucksack der Vergangenheit drinsteckt!  <\/p>\n\n\n\n<p>Jeder von uns kennt negative Gef\u00fchle, wie Angst, Wut, Trauer, Hass, Scham, Kleinheit. Mir wurde in meiner Kindheit leider nicht gezeigt, wie ich damit umgehen soll, ich wurde immer nur abgelenkt, somit waren diese Gef\u00fchle nicht erw\u00fcnscht.  <\/p>\n\n\n\n<p>Und\nwas passiert, wenn etwas nicht erw\u00fcnscht ist? Man dr\u00fcckt es weg,\ndamit man die Erwartungen anderer erf\u00fcllt. F\u00fcr ein bisschen\nAnerkennung. \n<\/p>\n\n\n\n<p>Auch\nich habe immer alles nur weggedr\u00fcckt und bin marschiert, damit aus\nmir mal etwas wird. Ich suchte die Anerkennung st\u00e4ndig im AUSSEN.\nUnd ich versuchte alle Erwartungen zu erf\u00fcllen und verlor mich\nselbst dabei. \n<\/p>\n\n\n\n<p>Als ich 2009 selbst Mama wurde, sprangen die Schubladen, in die ich die negativen Gef\u00fchle gestopft hatte, alle nach und nach wieder auf. Bis dann 2013 gar nichts mehr ging. <\/p>\n\n\n\n<p class=\"has-text-align-center\"><strong>Mein WARUM, ist meine Tochter, heute 11 Jahre alt. <\/strong><br><strong>Sie macht mich durch ihre oft klare, einfache Sicht auf die Dinge zu einem besseren Menschen!  <\/strong><\/p>\n\n\n\n<p>Anfangs als Problemkind von vielen abgestempelt, hatte ich 2013 die Erkenntnis, dass nicht sie, sondern ich das PROBLEM bin! Und dadurch zog ich f\u00fcr mich die Handbremse und stellte mich meiner Vergangenheit.  <\/p>\n\n\n\n<p>Ich ging zur Therapie und habe mich auch selbst sehr viel mit meinen Baustellen besch\u00e4ftigt. Damals war zun\u00e4chst die gr\u00f6\u00dfte Baustelle, dass ich dachte, so wie ich bin, bin ich nicht gut genug. Ich hatte kaum mehr Selbstwertgef\u00fchl.<\/p>\n\n\n\n<p>2014 war ich in der Reha und es war f\u00fcr mich genau zur richtigen Zeit, der richtige Ort.  <br><br>Seit 2014 nun besch\u00e4ftige ich mich intensiv mit Themen wie Spiegelgesetze , das innere Kind, tief verankerte Glaubenss\u00e4tze, bin ich hochsensibel, wie gehe ich mit negativen Gef\u00fchlen um, Kommunikation, usw&#8230;<br><br>Warum denke ich, dass<strong> DU<\/strong> meinen Blog lesen solltest?  <\/p>\n\n\n\n<p>Ich besitze eine F\u00e4higkeit, die in unserer heutigen Gesellschaft kurz vorm Aussterben ist. Ich bin eine EMPATHIN! Ich habe KEIN Psychologie- oder sonst irgendein Studium. Ich kann lediglich auf meine eigenen Erfahrungen zu diesem Thema zur\u00fcckgreifen. <\/p>\n\n\n\n<p>Doch ich denke genau das macht es so anders &#8211; artig-anders eben!<br><br><\/p>\n\n\n\n<h2 class=\"wp-block-heading\"><br><\/h2>\n\n\n\n<p><br><\/p>\n\n\n<p><!--EndFragment--><\/p>\n\n\n<p><br><br> <\/p>\n","protected":false},"excerpt":{"rendered":"<p>Moin! Ich bin FrlCori und ich habe Depressionen. Ich bin Anfang\/ Mitte 40, aber 40 ist ja heute das neue 30! Ich bin oft tief gefallen, doch ich habe es immer geschafft wieder aufzustehen. Denn ich glaube fest daran, dass jeder ein gl\u00fcckliches Leben f\u00fchren kann, egal was im Rucksack der Vergangenheit drinsteckt! Jeder von &hellip; <\/p>\n","protected":false},"author":1,"featured_media":0,"parent":0,"menu_order":0,"comment_status":"closed","ping_status":"closed","template":"","meta":{"footnotes":""},"class_list":["post-35","page","type-page","status-publish","hentry"],"jetpack_sharing_enabled":true,"_links":{"self":[{"href":"https:\/\/artig-anders.de\/index.php?rest_route=\/wp\/v2\/pages\/35"}],"collection":[{"href":"https:\/\/artig-anders.de\/index.php?rest_route=\/wp\/v2\/pages"}],"about":[{"href":"https:\/\/artig-anders.de\/index.php?rest_route=\/wp\/v2\/types\/page"}],"author":[{"embeddable":true,"href":"https:\/\/artig-anders.de\/index.php?rest_route=\/wp\/v2\/users\/1"}],"replies":[{"embeddable":true,"href":"https:\/\/artig-anders.de\/index.php?rest_route=%2Fwp%2Fv2%2Fcomments&post=35"}],"version-history":[{"count":17,"href":"https:\/\/artig-anders.de\/index.php?rest_route=\/wp\/v2\/pages\/35\/revisions"}],"predecessor-version":[{"id":812,"href":"https:\/\/artig-anders.de\/index.php?rest_route=\/wp\/v2\/pages\/35\/revisions\/812"}],"wp:attachment":[{"href":"https:\/\/artig-anders.de\/index.php?rest_route=%2Fwp%2Fv2%2Fmedia&parent=35"}],"curies":[{"name":"wp","href":"https:\/\/api.w.org\/{rel}","templated":true}]}}